{"id":666,"date":"2020-08-13T18:29:04","date_gmt":"2020-08-13T15:29:04","guid":{"rendered":"https:\/\/eac.ee\/?page_id=666"},"modified":"2025-02-20T12:52:10","modified_gmt":"2025-02-20T10:52:10","slug":"kontakt","status":"publish","type":"page","link":"https:\/\/eac.ee\/et\/kontakt\/","title":{"rendered":"Kontakt"},"content":{"rendered":"<p>MT\u00dc Estonian Aviation Cluster (Eesti Lennundusklaster) loodi jaanuaris 2019.<\/p>\n<p>Klaster \u00fchendab ambitsioonikaid ettev\u00f5tteid kogu lennunduse v\u00e4\u00e4rtusahela l\u00f5ikes. Oleme Euroopa Lennundusklastrite v\u00f5rgustiku EACP liige. Eesti ettev\u00f5tetel on v\u00f5imalus kaasa l\u00fc\u00fca globaalses lennundust\u00f6\u00f6stuse \u00e4ris.<\/p>\n","protected":false},"excerpt":{"rendered":"MT\u00dc Estonian Aviation Cluster (Eesti Lennundusklaster) loodi jaanuaris 2019. Klaster \u00fchendab ambitsioonikaid ettev\u00f5tteid kogu lennunduse v\u00e4\u00e4rtusahela l\u00f5ikes. Oleme Euroopa Lennundusklastrite v\u00f5rgustiku EACP liige. Eesti ettev\u00f5tetel on v\u00f5imalus kaasa l\u00fc\u00fca globaalses lennundust\u00f6\u00f6stuse \u00e4ris.","protected":false},"author":9,"featured_media":0,"parent":0,"menu_order":0,"comment_status":"closed","ping_status":"closed","template":"template-contact.php","meta":{"_acf_changed":false,"footnotes":""},"class_list":["post-666","page","type-page","status-publish","hentry"],"acf":[],"yoast_head":"<!-- This site is optimized with the Yoast SEO plugin v27.3 - https:\/\/yoast.com\/product\/yoast-seo-wordpress\/ -->\n<title>Kontakt &#8211; Estonian Aviation Cluster<\/title>\n<meta name=\"robots\" content=\"index, follow, max-snippet:-1, max-image-preview:large, max-video-preview:-1\" \/>\n<link rel=\"canonical\" href=\"https:\/\/eac.ee\/et\/kontakt\/\" \/>\n<meta property=\"og:locale\" content=\"et_EE\" \/>\n<meta property=\"og:type\" content=\"article\" \/>\n<meta property=\"og:title\" content=\"Kontakt &#8211; Estonian Aviation Cluster\" \/>\n<meta property=\"og:description\" content=\"MT\u00dc Estonian Aviation Cluster (Eesti Lennundusklaster) loodi jaanuaris 2019. Klaster \u00fchendab ambitsioonikaid ettev\u00f5tteid kogu lennunduse v\u00e4\u00e4rtusahela l\u00f5ikes. Oleme Euroopa Lennundusklastrite v\u00f5rgustiku EACP liige. Eesti ettev\u00f5tetel on v\u00f5imalus kaasa l\u00fc\u00fca globaalses lennundust\u00f6\u00f6stuse \u00e4ris.\" \/>\n<meta property=\"og:url\" content=\"https:\/\/eac.ee\/et\/kontakt\/\" \/>\n<meta property=\"og:site_name\" content=\"Estonian Aviation Cluster\" \/>\n<meta property=\"article:modified_time\" content=\"2025-02-20T10:52:10+00:00\" \/>\n<meta property=\"og:image\" content=\"https:\/\/eac.ee\/wp-content\/uploads\/2019\/10\/eac-share-highres.jpg\" \/>\n\t<meta property=\"og:image:width\" content=\"2400\" \/>\n\t<meta property=\"og:image:height\" content=\"1260\" \/>\n\t<meta property=\"og:image:type\" content=\"image\/jpeg\" \/>\n<meta name=\"twitter:card\" content=\"summary_large_image\" \/>\n<meta name=\"twitter:label1\" content=\"Est. reading time\" \/>\n\t<meta name=\"twitter:data1\" content=\"1 minut\" \/>\n<script type=\"application\/ld+json\" class=\"yoast-schema-graph\">{\"@context\":\"https:\\\/\\\/schema.org\",\"@graph\":[{\"@type\":\"WebPage\",\"@id\":\"https:\\\/\\\/eac.ee\\\/et\\\/kontakt\\\/\",\"url\":\"https:\\\/\\\/eac.ee\\\/et\\\/kontakt\\\/\",\"name\":\"Kontakt &#8211; Estonian Aviation Cluster\",\"isPartOf\":{\"@id\":\"https:\\\/\\\/eac.ee\\\/#website\"},\"datePublished\":\"2020-08-13T15:29:04+00:00\",\"dateModified\":\"2025-02-20T10:52:10+00:00\",\"breadcrumb\":{\"@id\":\"https:\\\/\\\/eac.ee\\\/et\\\/kontakt\\\/#breadcrumb\"},\"inLanguage\":\"et\",\"potentialAction\":[{\"@type\":\"ReadAction\",\"target\":[\"https:\\\/\\\/eac.ee\\\/et\\\/kontakt\\\/\"]}]},{\"@type\":\"BreadcrumbList\",\"@id\":\"https:\\\/\\\/eac.ee\\\/et\\\/kontakt\\\/#breadcrumb\",\"itemListElement\":[{\"@type\":\"ListItem\",\"position\":1,\"name\":\"Home\",\"item\":\"https:\\\/\\\/eac.ee\\\/et\\\/\"},{\"@type\":\"ListItem\",\"position\":2,\"name\":\"Kontakt\"}]},{\"@type\":\"WebSite\",\"@id\":\"https:\\\/\\\/eac.ee\\\/#website\",\"url\":\"https:\\\/\\\/eac.ee\\\/\",\"name\":\"Estonian Aviation Cluster\",\"description\":\"\",\"potentialAction\":[{\"@type\":\"SearchAction\",\"target\":{\"@type\":\"EntryPoint\",\"urlTemplate\":\"https:\\\/\\\/eac.ee\\\/?s={search_term_string}\"},\"query-input\":{\"@type\":\"PropertyValueSpecification\",\"valueRequired\":true,\"valueName\":\"search_term_string\"}}],\"inLanguage\":\"et\"}]}<\/script>\n<!-- \/ Yoast SEO plugin. -->","yoast_head_json":{"title":"Kontakt &#8211; Estonian Aviation Cluster","robots":{"index":"index","follow":"follow","max-snippet":"max-snippet:-1","max-image-preview":"max-image-preview:large","max-video-preview":"max-video-preview:-1"},"canonical":"https:\/\/eac.ee\/et\/kontakt\/","og_locale":"et_EE","og_type":"article","og_title":"Kontakt &#8211; Estonian Aviation Cluster","og_description":"MT\u00dc Estonian Aviation Cluster (Eesti Lennundusklaster) loodi jaanuaris 2019. Klaster \u00fchendab ambitsioonikaid ettev\u00f5tteid kogu lennunduse v\u00e4\u00e4rtusahela l\u00f5ikes. Oleme Euroopa Lennundusklastrite v\u00f5rgustiku EACP liige. Eesti ettev\u00f5tetel on v\u00f5imalus kaasa l\u00fc\u00fca globaalses lennundust\u00f6\u00f6stuse \u00e4ris.","og_url":"https:\/\/eac.ee\/et\/kontakt\/","og_site_name":"Estonian Aviation Cluster","article_modified_time":"2025-02-20T10:52:10+00:00","og_image":[{"width":2400,"height":1260,"url":"https:\/\/eac.ee\/wp-content\/uploads\/2019\/10\/eac-share-highres.jpg","type":"image\/jpeg"}],"twitter_card":"summary_large_image","twitter_misc":{"Est. reading time":"1 minut"},"schema":{"@context":"https:\/\/schema.org","@graph":[{"@type":"WebPage","@id":"https:\/\/eac.ee\/et\/kontakt\/","url":"https:\/\/eac.ee\/et\/kontakt\/","name":"Kontakt &#8211; Estonian Aviation Cluster","isPartOf":{"@id":"https:\/\/eac.ee\/#website"},"datePublished":"2020-08-13T15:29:04+00:00","dateModified":"2025-02-20T10:52:10+00:00","breadcrumb":{"@id":"https:\/\/eac.ee\/et\/kontakt\/#breadcrumb"},"inLanguage":"et","potentialAction":[{"@type":"ReadAction","target":["https:\/\/eac.ee\/et\/kontakt\/"]}]},{"@type":"BreadcrumbList","@id":"https:\/\/eac.ee\/et\/kontakt\/#breadcrumb","itemListElement":[{"@type":"ListItem","position":1,"name":"Home","item":"https:\/\/eac.ee\/et\/"},{"@type":"ListItem","position":2,"name":"Kontakt"}]},{"@type":"WebSite","@id":"https:\/\/eac.ee\/#website","url":"https:\/\/eac.ee\/","name":"Estonian Aviation Cluster","description":"","potentialAction":[{"@type":"SearchAction","target":{"@type":"EntryPoint","urlTemplate":"https:\/\/eac.ee\/?s={search_term_string}"},"query-input":{"@type":"PropertyValueSpecification","valueRequired":true,"valueName":"search_term_string"}}],"inLanguage":"et"}]}},"_links":{"self":[{"href":"https:\/\/eac.ee\/et\/wp-json\/wp\/v2\/pages\/666","targetHints":{"allow":["GET"]}}],"collection":[{"href":"https:\/\/eac.ee\/et\/wp-json\/wp\/v2\/pages"}],"about":[{"href":"https:\/\/eac.ee\/et\/wp-json\/wp\/v2\/types\/page"}],"author":[{"embeddable":true,"href":"https:\/\/eac.ee\/et\/wp-json\/wp\/v2\/users\/9"}],"replies":[{"embeddable":true,"href":"https:\/\/eac.ee\/et\/wp-json\/wp\/v2\/comments?post=666"}],"version-history":[{"count":5,"href":"https:\/\/eac.ee\/et\/wp-json\/wp\/v2\/pages\/666\/revisions"}],"predecessor-version":[{"id":2245,"href":"https:\/\/eac.ee\/et\/wp-json\/wp\/v2\/pages\/666\/revisions\/2245"}],"wp:attachment":[{"href":"https:\/\/eac.ee\/et\/wp-json\/wp\/v2\/media?parent=666"}],"curies":[{"name":"wp","href":"https:\/\/api.w.org\/{rel}","templated":true}]}}